{"id":1215,"date":"2016-05-12T15:57:36","date_gmt":"2016-05-12T15:57:36","guid":{"rendered":"http:\/\/www.yguamoringa.com\/tienda\/hojas-ygua-125g\/"},"modified":"2021-03-02T22:12:06","modified_gmt":"2021-03-02T22:12:06","slug":"ygua-moringa-leaves-33g","status":"publish","type":"product","link":"https:\/\/yguamoringa.com\/en\/shop\/ygua-moringa-leaves-33g\/","title":{"rendered":"Ygu\u00e1 Moringa leaves"},"content":{"rendered":"<div class=\"fusion-fullwidth fullwidth-box fusion-builder-row-1 hundred-percent-fullwidth non-hundred-percent-height-scrolling\" style=\"background-color: rgba(255,255,255,0);background-position: center center;background-repeat: no-repeat;padding-top:0px;padding-right:0px;padding-bottom:0px;padding-left:0px;margin-bottom: 0px;margin-top: 0px;border-width: 0px 0px 0px 0px;border-color:#eae9e9;border-style:solid;\" ><div class=\"fusion-builder-row fusion-row\"><div class=\"fusion-layout-column fusion_builder_column fusion-builder-column-0 fusion_builder_column_1_1 1_1 fusion-one-full fusion-column-first fusion-column-last fusion-column-no-min-height\" style=\"margin-top:0px;margin-bottom:0px;\"><div class=\"fusion-column-wrapper fusion-flex-column-wrapper-legacy\" style=\"background-position:left top;background-repeat:no-repeat;-webkit-background-size:cover;-moz-background-size:cover;-o-background-size:cover;background-size:cover;padding: 0px 0px 0px 0px;\"><style type=\"text\/css\">.fusion-accordian  #accordion-1215-1 .panel-title a .fa-fusion-box{ color: #ffffff;}.fusion-accordian  #accordion-1215-1 .panel-title a .fa-fusion-box:before{ font-size: 13px; width: 13px;}.fusion-accordian  #accordion-1215-1 .panel-title a{font-size:13px;}.fusion-accordian  #accordion-1215-1 .fa-fusion-box { background-color: #333333;border-color: #333333;}.fusion-accordian  #accordion-1215-1 .panel-title a:hover, #accordion-1215-1 .fusion-toggle-boxed-mode:hover .panel-title a { color: #007770;}.fusion-accordian  #accordion-1215-1 .panel-title .active .fa-fusion-box,.fusion-accordian  #accordion-1215-1 .panel-title a:hover .fa-fusion-box { background-color: #007770!important;border-color: #007770!important;}<\/style><div class=\"accordian fusion-accordian desplegable-producto\"><div class=\"panel-group\" id=\"accordion-1215-1\" role=\"tablist\"><div class=\"fusion-panel panel-default\" role=\"tabpanel\"><div class=\"panel-heading\"><h4 class=\"panel-title toggle\"><a aria-expanded=\"false\" aria-selected=\"false\" aria-controls=\"06093b78d1bdd0e79\" role=\"tab\" data-toggle=\"collapse\" data-parent=\"#accordion-1215-1\" data-target=\"#06093b78d1bdd0e79\" href=\"#06093b78d1bdd0e79\"><span class=\"fusion-toggle-icon-wrapper\" aria-hidden=\"true\"><i class=\"fa-fusion-box\" aria-hidden=\"true\"><\/i><\/span><span class=\"fusion-toggle-heading\">\u00bfQu\u00e9 nos aportan las hojas de Moringa Ygu\u00e1?<\/span><\/a><\/h4><\/div><div id=\"06093b78d1bdd0e79\" class=\"panel-collapse collapse \"><div class=\"panel-body toggle-content fusion-clearfix\">La Naturaleza nos ofrece en la Moringa una de las fuentes nutritivas m\u00e1s completas que se conocen sobre la Tierra. El cultivo Biodin\u00e1mico re\u00fane las fuerzas vivas del suelo y del entorno para hacer de Ygu\u00e1 Moringa Guaran\u00ed una variedad rica en compuestos funcionales. La vitalidad de las hojas es absorbida por nuestro organismo para regenerarse, fortalecerse y reequilibrarse.<\/p>\n<p>Cada d\u00eda el aporte vital de Ygu\u00e1 en hoja y \/ o polvo de hoja nos mantiene atentos.<\/p>\n<p>Una composici\u00f3n expresada en un c\u00edrculo virtuoso de macronutrientes y micronutrientes que genera sustancias que nutren a las c\u00e9lulas y tambi\u00e9n las activan produciendo sustancias vivas con capacidad de regeneraci\u00f3n.<\/p>\n<p>Hay otros alimentos con propiedades m\u00e1s espec\u00edficas pero no tan completas.<\/p>\n<p>Observar una hoja y saber que contiene este conjunto de propiedades no dejar\u00e1 de sorprendernos. Deseamos que nuestra labor en el cultivo sea capaz de acompa\u00f1ar el trabajo que el laboratorio de la Naturaleza desarrolla. Y, en el secado no estropear lo conseguido en cada cosecha.<\/p>\n<p><img decoding=\"async\" class=\"wp-image-950 size-large aligncenter\" src=\"https:\/\/yguamoringa.com\/wp-content\/uploads\/2016\/05\/Ci\u0301rculo-Propiedades.B12-1024x976.jpg\" alt=\"circulo-propiedades-b12\" width=\"1024\" height=\"976\" srcset=\"https:\/\/yguamoringa.com\/wp-content\/uploads\/2016\/05\/Ci\u0301rculo-Propiedades.B12-200x191.jpg 200w, https:\/\/yguamoringa.com\/wp-content\/uploads\/2016\/05\/Ci\u0301rculo-Propiedades.B12-300x286.jpg 300w, https:\/\/yguamoringa.com\/wp-content\/uploads\/2016\/05\/Ci\u0301rculo-Propiedades.B12-400x381.jpg 400w, https:\/\/yguamoringa.com\/wp-content\/uploads\/2016\/05\/Ci\u0301rculo-Propiedades.B12-500x477.jpg 500w, https:\/\/yguamoringa.com\/wp-content\/uploads\/2016\/05\/Ci\u0301rculo-Propiedades.B12-600x572.jpg 600w, https:\/\/yguamoringa.com\/wp-content\/uploads\/2016\/05\/Ci\u0301rculo-Propiedades.B12-700x667.jpg 700w, https:\/\/yguamoringa.com\/wp-content\/uploads\/2016\/05\/Ci\u0301rculo-Propiedades.B12-768x732.jpg 768w, https:\/\/yguamoringa.com\/wp-content\/uploads\/2016\/05\/Ci\u0301rculo-Propiedades.B12-800x763.jpg 800w, https:\/\/yguamoringa.com\/wp-content\/uploads\/2016\/05\/Ci\u0301rculo-Propiedades.B12-1024x976.jpg 1024w, https:\/\/yguamoringa.com\/wp-content\/uploads\/2016\/05\/Ci\u0301rculo-Propiedades.B12.jpg 1200w\" sizes=\"(max-width: 1024px) 100vw, 1024px\" \/><\/p>\n<p>En una alimentaci\u00f3n variada y rica en nutrientes, como es la dieta mediterr\u00e1nea, introducir un Ygu\u00e1 de Moringa en hojas y\/o el polvo de las hojas, aportan <strong>compuestos funcionales naturales<\/strong>, generados por el \u00e1rbol. Estos compuestos dan la vitalidad para ayudar al cuerpo a reequilibrarse en:<\/p>\n<ul>\n<li><strong>La inflamaci\u00f3n cr\u00f3nica<\/strong>. Manifestada en m\u00faltiples formas, obesidad, colesterol LDL alto, diabetes tipo 2, artrosis, artritis, mucosas en el tronco respiratorio, enfermedades neurodegenerativas\u2026 entre los fitonutrientes (121), los isotiocianatos son especialmente eficientes para fortalecer el sistema inmune, bloqueando los agentes proinflamatorios.<\/li>\n<li><strong>Frenar el desgaste oxidativo<\/strong> desde nuestro propio cuerpo. La Moringa cuenta con un alto nivel de flavonoides, en gran variedad (+ 46), entre ellos los carotenoides para la reparaci\u00f3n de tejidos. A esta v\u00eda ex\u00f3gena, se le a\u00f1ade la end\u00f3gena mediante el isotiocianato moringina, que activa la v\u00eda epigen\u00e9tica Nrf2, para estimular que nuestros genes produzcan enzimas antioxidantes como la catalasa, el glutati\u00f3n y super\u00f3xido dismutasa (SOD).<\/li>\n<li><strong>Cubrir deficiencias nutricionales<\/strong>. Siendo una completa fuente nutricional, la Moringa aporta prote\u00ednas con todos los amino\u00e1cidos esenciales, acido oleico, carbohidratos, fibra y es multivitam\u00ednico (A, grupo de la B, C, D3, E, K1) y multimineral (calcio, magnesio, hierro, potasio, fosforo, zinc, boro).<\/li>\n<\/ul>\n<p>Seg\u00fan aumenta el inter\u00e9s de la comunidad cient\u00edfica por la Moringa se van publicando diversos estudios cient\u00edficos sobre su propiedades <strong>hipoglucemiantes, hipolipemiantes, antiinflamatorias, antimicrobianas, anticancer\u00edgenas y hepatoprotectoras<\/strong>, entre otras.<\/p>\n<p><img decoding=\"async\" class=\"aligncenter wp-image-954 size-large\" src=\"https:\/\/yguamoringa.com\/wp-content\/uploads\/2016\/05\/hoja-moringa-ygua-1024x546.jpg\" alt=\"hoja-moringa-ygua\" width=\"1024\" height=\"546\" srcset=\"https:\/\/yguamoringa.com\/wp-content\/uploads\/2016\/05\/hoja-moringa-ygua-200x107.jpg 200w, https:\/\/yguamoringa.com\/wp-content\/uploads\/2016\/05\/hoja-moringa-ygua-300x160.jpg 300w, https:\/\/yguamoringa.com\/wp-content\/uploads\/2016\/05\/hoja-moringa-ygua-400x213.jpg 400w, https:\/\/yguamoringa.com\/wp-content\/uploads\/2016\/05\/hoja-moringa-ygua-500x267.jpg 500w, https:\/\/yguamoringa.com\/wp-content\/uploads\/2016\/05\/hoja-moringa-ygua-600x320.jpg 600w, https:\/\/yguamoringa.com\/wp-content\/uploads\/2016\/05\/hoja-moringa-ygua-700x373.jpg 700w, https:\/\/yguamoringa.com\/wp-content\/uploads\/2016\/05\/hoja-moringa-ygua-768x410.jpg 768w, https:\/\/yguamoringa.com\/wp-content\/uploads\/2016\/05\/hoja-moringa-ygua-800x427.jpg 800w, https:\/\/yguamoringa.com\/wp-content\/uploads\/2016\/05\/hoja-moringa-ygua-1024x546.jpg 1024w, https:\/\/yguamoringa.com\/wp-content\/uploads\/2016\/05\/hoja-moringa-ygua-1200x640.jpg 1200w, https:\/\/yguamoringa.com\/wp-content\/uploads\/2016\/05\/hoja-moringa-ygua.jpg 1800w\" sizes=\"(max-width: 1024px) 100vw, 1024px\" \/><\/div><\/div><\/div><div class=\"fusion-panel panel-default\" role=\"tabpanel\"><div class=\"panel-heading\"><h4 class=\"panel-title toggle\"><a aria-expanded=\"false\" aria-selected=\"false\" aria-controls=\"c55d5c716eed30c95\" role=\"tab\" data-toggle=\"collapse\" data-parent=\"#accordion-1215-1\" data-target=\"#c55d5c716eed30c95\" href=\"#c55d5c716eed30c95\"><span class=\"fusion-toggle-icon-wrapper\" aria-hidden=\"true\"><i class=\"fa-fusion-box\" aria-hidden=\"true\"><\/i><\/span><span class=\"fusion-toggle-heading\">\u00bfC\u00f3mo incorporar Ygu\u00e1 de Moringa en la dieta?<\/span><\/a><\/h4><\/div><div id=\"c55d5c716eed30c95\" class=\"panel-collapse collapse \"><div class=\"panel-body toggle-content fusion-clearfix\">Las hojas habitualmente se toman en infusi\u00f3n. Una cucharada sopera de hoja (3g) para un litro de agua. Una hidrataci\u00f3n nutricional para beber a lo largo de la ma\u00f1ana, o de la tarde. Podemos saborearla s\u00f3lo con las hojas, con un suave sabor herb\u00e1ceo o bien con lim\u00f3n, menta u otras hierbas.<\/p>\n<p><img decoding=\"async\" class=\"wp-image-958 size-large aligncenter\" src=\"https:\/\/yguamoringa.com\/wp-content\/uploads\/2016\/05\/infusion-ygua-moringa-1024x526.jpg\" alt=\"infusion-ygua-moringa\" width=\"1024\" height=\"526\" srcset=\"https:\/\/yguamoringa.com\/wp-content\/uploads\/2016\/05\/infusion-ygua-moringa-200x103.jpg 200w, https:\/\/yguamoringa.com\/wp-content\/uploads\/2016\/05\/infusion-ygua-moringa-300x154.jpg 300w, https:\/\/yguamoringa.com\/wp-content\/uploads\/2016\/05\/infusion-ygua-moringa-400x205.jpg 400w, https:\/\/yguamoringa.com\/wp-content\/uploads\/2016\/05\/infusion-ygua-moringa-500x257.jpg 500w, https:\/\/yguamoringa.com\/wp-content\/uploads\/2016\/05\/infusion-ygua-moringa-600x308.jpg 600w, https:\/\/yguamoringa.com\/wp-content\/uploads\/2016\/05\/infusion-ygua-moringa-700x359.jpg 700w, https:\/\/yguamoringa.com\/wp-content\/uploads\/2016\/05\/infusion-ygua-moringa-768x394.jpg 768w, https:\/\/yguamoringa.com\/wp-content\/uploads\/2016\/05\/infusion-ygua-moringa-800x411.jpg 800w, https:\/\/yguamoringa.com\/wp-content\/uploads\/2016\/05\/infusion-ygua-moringa-1024x526.jpg 1024w, https:\/\/yguamoringa.com\/wp-content\/uploads\/2016\/05\/infusion-ygua-moringa-1200x616.jpg 1200w, https:\/\/yguamoringa.com\/wp-content\/uploads\/2016\/05\/infusion-ygua-moringa.jpg 1800w\" sizes=\"(max-width: 1024px) 100vw, 1024px\" \/><\/p>\n<p>Tambi\u00e9n pueden las hojas ser maceradas en agua a temperatura natural. Si consumimos un agua pasada por un filtro para alcalinizarla logramos un excelente aporte sustituto del agua, un Ygu\u00e1, una hidrataci\u00f3n nutritiva y antioxidante.<\/p>\n<p><a href=\"https:\/\/yguamoringa.com\/agua-de-moringa\/\"><img decoding=\"async\" class=\"alignnone size-full wp-image-8830\" src=\"https:\/\/yguamoringa.com\/wp-content\/uploads\/2021\/03\/agua-de-moringa.jpg\" alt=\"\" width=\"1024\" srcset=\"https:\/\/yguamoringa.com\/wp-content\/uploads\/2021\/03\/agua-de-moringa-200x133.jpg 200w, https:\/\/yguamoringa.com\/wp-content\/uploads\/2021\/03\/agua-de-moringa-300x200.jpg 300w, https:\/\/yguamoringa.com\/wp-content\/uploads\/2021\/03\/agua-de-moringa-400x267.jpg 400w, https:\/\/yguamoringa.com\/wp-content\/uploads\/2021\/03\/agua-de-moringa-500x334.jpg 500w, https:\/\/yguamoringa.com\/wp-content\/uploads\/2021\/03\/agua-de-moringa-600x400.jpg 600w, https:\/\/yguamoringa.com\/wp-content\/uploads\/2021\/03\/agua-de-moringa-700x467.jpg 700w, https:\/\/yguamoringa.com\/wp-content\/uploads\/2021\/03\/agua-de-moringa-768x512.jpg 768w, https:\/\/yguamoringa.com\/wp-content\/uploads\/2021\/03\/agua-de-moringa-800x534.jpg 800w, https:\/\/yguamoringa.com\/wp-content\/uploads\/2021\/03\/agua-de-moringa-1024x683.jpg 1024w, https:\/\/yguamoringa.com\/wp-content\/uploads\/2021\/03\/agua-de-moringa-1200x801.jpg 1200w, https:\/\/yguamoringa.com\/wp-content\/uploads\/2021\/03\/agua-de-moringa-1536x1025.jpg 1536w, https:\/\/yguamoringa.com\/wp-content\/uploads\/2021\/03\/agua-de-moringa.jpg 1800w\" sizes=\"(max-width: 1800px) 100vw, 1800px\" \/><\/a><\/div><\/div><\/div><div class=\"fusion-panel panel-default\" role=\"tabpanel\"><div class=\"panel-heading\"><h4 class=\"panel-title toggle\"><a aria-expanded=\"false\" aria-selected=\"false\" aria-controls=\"3d3e8790d6c87619f\" role=\"tab\" data-toggle=\"collapse\" data-parent=\"#accordion-1215-1\" data-target=\"#3d3e8790d6c87619f\" href=\"#3d3e8790d6c87619f\"><span class=\"fusion-toggle-icon-wrapper\" aria-hidden=\"true\"><i class=\"fa-fusion-box\" aria-hidden=\"true\"><\/i><\/span><span class=\"fusion-toggle-heading\">Purchase \/ Payment \/ Shipping \/ Customer Service<\/span><\/a><\/h4><\/div><div id=\"3d3e8790d6c87619f\" class=\"panel-collapse collapse \"><div class=\"panel-body toggle-content fusion-clearfix\"><strong>How do I buy the Ygu\u00e1 Moringa?<\/strong><\/p>\n<p>From the online Shop where you are now. Choose the product you want and follow the process.<\/p>\n<p>By telephone to <strong>del <a href=\"https:\/\/yguamoringa.com\/en\/contact\/\">Customer Service <\/a><\/strong>, <a href=\"tel:+ 34608950641\"><strong>+ 34\u00a0\u00a0608 95 06 41<\/strong><\/a>, where you will receive instructions on how to make your purchase.<\/p>\n<p><a href=\"https:\/\/yguamoringa.com\/en\/points-of-sale-ygua\/\">In shops<\/a> located in various towns and professionals that work closely with Ygu\u00e1 Moringa, you will be able to find the same references as in the online shop. You will find the products packed in different quantities for retail or wholesale, in order to optimize your purchase with the quality assured by Ygu\u00e1 Moringa.<\/p>\n<p><strong>How can I pay for Ygu\u00e1 Moringa?<\/strong><br \/>\nOnce your order has been accepted and confirmed, you can access the following methods of payment with confidence:<\/p>\n<ol>\n<li><strong>Paypal.<\/strong> This e-commerce money transmitter allows you to pay your purchases immediately and safely without sharing your financial information.<\/li>\n<li><strong>Bank card.<\/strong><\/li>\n<li><strong>Bank transfer to the IBAN account number:<\/strong>ES90 0073 0100 52 0503224364 (SWIFT OPENESMM) Account holder Moringa Guaran\u00ed Ygu\u00e1.<br \/>\nIn the case of a bank transfer, it is important to give the order number.<br \/>\nOnce the transfer has been made to the bank account detailed above, remember to communicate this to us by an email to: pay@moringaygua.com.<br \/>\nIn this way you allow us remit your order to you in the shortest possible time.<br \/>\nIf we do not receive proof of the bank transfer, there will be a delay of 3 working days from the time we receive the transfer before the order can be dispatched.<br \/>\nShould the bank transfer not be received within 10 days, the order will be cancelled.<br \/>\nFor any doubt or inquiry please contact Customer Service on:Telephone: + 34\u00a0 608 95 06 41 or Email: <a href=\"mailto:shop@moringaygua.com\">shop@moringaygua.com<\/a><\/li>\n<\/ol>\n<p><strong> I have a discount voucher. How do I use it<\/strong><\/p>\n<p>If you have a discount voucher, this should be indicated when choosing your payment option in the section provided to this effect.<\/p>\n<p><strong>When will I receive the invoice?<\/strong><\/p>\n<p>Once payment has been made, Ygu\u00e1 will send you the invoice by email in a PDF file, issued in the name of the person or Company using the data you have provided.<\/p>\n<p><strong>Deliveries<\/strong><\/p>\n<p>When you make an online purchase you can see a list of places and countries where we can undertake delivery. Should a place of country not be listed, you can get in touch with us at Customer Service.<\/p>\n<p><strong>What are the delivery charges?<\/strong><\/p>\n<p>Charges vary depending on the country and place of delivery. On making a purchase, you will see a list of delivery charges, which will correspond to your order and will also depend on the total amount of the order.<\/p>\n<p><strong>When will the Ygu\u00e1 Moringa be delivered?<\/strong><\/p>\n<p>In mainland Spain delivery time takes between 1 and 2 working days allowing for a day after the day the order is submitted, counting working days but excluding Saturdays, Sundays and public holidays. For the rest of Spain an extra day can be expected; for international deliveries between 5 and 7 working days.<\/p>\n<p>These are only approximate times that may vary according to circumstances beyond Ygu\u00e1\u00b4s control.<\/p>\n<p><strong>Is it possible for me to track my order?<\/strong><\/p>\n<p>You are able to track your order on the transport company website by using the tracking code you will be provided with.<\/p>\n<p><strong>What to do in case there is a problem with the delivery?<\/strong><\/p>\n<p>Should your order not arrive within the estimated time, you should contact Customer Service.<\/p>\n<p>If the package is damaged on the outside, refuse delivery and get in touch with us as soon as possible at Customer Service.<\/p>\n<p>On opening the package, if you are not satisfied with the merchandise received, we suggest you get in touch with us by telephone at Customer Service.<\/p>\n<p>Please take into account that your contact telephone number as required on the purchase order is useful for solving problems such as a wrong address, or to notify and coordinate delivery with the transport Company as well as receive notice when there is nobody at home to receive the delivery.<\/p>\n<p><strong>Customer Service<\/strong><\/p>\n<p>By email you can reach us through <a href=\"mailto:shop@ygua.net\">shop@moringaygua.com <\/a>and we will reply promptly.<\/p>\n<p>You may also contact us by Telephone: + 34 608 95 06 41.<\/p>\n<p>Monday to Thursday from 9h to 14h, 16h to 20h and Friday from 9h to 14h.<\/p>\n<p>Or you may prefer to send us a message by Whatsapp.<\/p>\n<p><strong>Security and protection of payment<\/strong><\/p>\n<p>The data exchange is estimated by SSL protocol up to 256 bits in direct communication from the customer to the financial institution to be paid.<\/p>\n<p>Our server codifies all personal information assuring the privacy and security of your transaction.<\/p>\n<p>Our website has voluntarily adhered to self- regulating, systems whose seal allows us to excel in our degree of commitment and transparency.<\/div><\/div><\/div><\/div><\/div><div class=\"fusion-clearfix\"><\/div><\/div><\/div><\/div><style type=\"text\/css\">.fusion-fullwidth.fusion-builder-row-1 { overflow:visible; }<\/style><\/div>\n","protected":false},"excerpt":{"rendered":"<p>Ref. TOGUE33<\/p>\n<ul>\n<li>Moringa Guaran\u00ed leaves<\/li>\n<li>100% compostable 33 g packaging<\/li>\n<li>Complete protein + Antioxidant + Vitamine B12<\/li>\n<li>Functional whole food<\/li>\n<\/ul>\n<div class=\"certificaciones\">\n<div style=\"float: left;\"><img decoding=\"async\" title=\"Gluten free\" src=\"https:\/\/yguamoringa.com\/wp-content\/uploads\/2021\/03\/ico-gluten-free.png\" alt=\"gluten_free\" \/><\/div>\n<div style=\"float: left;\"><img decoding=\"async\" title=\"GMO free\" src=\"https:\/\/yguamoringa.com\/wp-content\/uploads\/2021\/03\/ico-gmo.png\" alt=\"gmo_free\" \/><\/div>\n<div style=\"float: left;\"><img decoding=\"async\" title=\"Vegan DNA\" src=\"https:\/\/yguamoringa.com\/wp-content\/uploads\/2021\/03\/ico-vegan.png\" alt=\"vegan_dna\" \/><\/div>\n<div style=\"float: left;\"><img decoding=\"async\" title=\"Ygua Quality Control\" src=\"https:\/\/yguamoringa.com\/wp-content\/uploads\/2021\/03\/ico-quality.png\" alt=\"ygua_quality\" \/><\/div>\n<div style=\"float: left;\"><img decoding=\"async\" title=\"Certified UE Organic\" src=\"https:\/\/yguamoringa.com\/wp-content\/uploads\/2021\/03\/ico-py-bio.png\" alt=\"ue_organic\" \/><\/div>\n<div style=\"float: left;\"><img decoding=\"async\" title=\"Certified Biodynamic\" src=\"https:\/\/yguamoringa.com\/wp-content\/uploads\/2021\/03\/ico-demeter.png\" alt=\"\u201cDemeter-Ygua\u201d\" \/><\/div>\n<div style=\"float: left;\"><img decoding=\"async\" title=\"Certified USDA Organic\" src=\"https:\/\/yguamoringa.com\/wp-content\/uploads\/2021\/03\/ico-usda.png\" alt=\"usda_organic\" \/><\/div>\n<div><img decoding=\"async\" title=\"Certified JAS Organic\" src=\"https:\/\/yguamoringa.com\/wp-content\/uploads\/2021\/03\/ico-ceres-negro.png\" alt=\"ceres_organic\" \/><\/div>\n<\/div>\n<div class=\"clear\"><\/div>\n","protected":false},"featured_media":8801,"template":"","meta":{"kia_subtitle":"Bag of 33 g"},"product_cat":[60],"product_tag":[],"yoast_head":"<!-- This site is optimized with the Yoast SEO plugin v19.14 - https:\/\/yoast.com\/wordpress\/plugins\/seo\/ -->\n<title>Ygu\u00e1 Moringa leaves - Ygua Moringa Oleifera. Shop online moringa<\/title>\n<meta name=\"robots\" content=\"index, follow, max-snippet:-1, max-image-preview:large, max-video-preview:-1\" \/>\n<link rel=\"canonical\" href=\"https:\/\/yguamoringa.com\/shop\/ygua-moringa-biodinamica-hojas\/\" \/>\n<meta property=\"og:locale\" content=\"en_US\" \/>\n<meta property=\"og:type\" content=\"article\" \/>\n<meta property=\"og:title\" content=\"Ygu\u00e1 Moringa leaves - Ygua Moringa Oleifera. Shop online moringa\" \/>\n<meta property=\"og:description\" content=\"Ref. TOGUE33   Moringa Guaran\u00ed leaves  100% compostable 33 g packaging  Complete protein + Antioxidant + Vitamine B12  Functional whole food\" \/>\n<meta property=\"og:url\" content=\"https:\/\/yguamoringa.com\/shop\/ygua-moringa-biodinamica-hojas\/\" \/>\n<meta property=\"og:site_name\" content=\"Ygu\u00e1 Experience | Ygu\u00e1 Moringa\" \/>\n<meta property=\"article:modified_time\" content=\"2021-03-02T22:12:06+00:00\" \/>\n<meta property=\"og:image\" content=\"https:\/\/yguamoringa.com\/wp-content\/uploads\/2021\/03\/hojas-moringa-biodinamica.jpg\" \/>\n\t<meta property=\"og:image:width\" content=\"1100\" \/>\n\t<meta property=\"og:image:height\" content=\"1100\" \/>\n\t<meta property=\"og:image:type\" content=\"image\/jpeg\" \/>\n<meta name=\"twitter:card\" content=\"summary_large_image\" \/>\n<meta name=\"twitter:label1\" content=\"Est. reading time\" \/>\n\t<meta name=\"twitter:data1\" content=\"7 minutes\" \/>\n<script type=\"application\/ld+json\" class=\"yoast-schema-graph\">{\"@context\":\"https:\/\/schema.org\",\"@graph\":[{\"@type\":\"WebPage\",\"@id\":\"https:\/\/yguamoringa.com\/shop\/ygua-moringa-biodinamica-hojas\/\",\"url\":\"https:\/\/yguamoringa.com\/shop\/ygua-moringa-biodinamica-hojas\/\",\"name\":\"Ygu\u00e1 Moringa leaves - Ygua Moringa Oleifera. Shop online moringa\",\"isPartOf\":{\"@id\":\"https:\/\/yguamoringa.com\/en\/#website\"},\"datePublished\":\"2016-05-12T15:57:36+00:00\",\"dateModified\":\"2021-03-02T22:12:06+00:00\",\"breadcrumb\":{\"@id\":\"https:\/\/yguamoringa.com\/shop\/ygua-moringa-biodinamica-hojas\/#breadcrumb\"},\"inLanguage\":\"en-US\",\"potentialAction\":[{\"@type\":\"ReadAction\",\"target\":[\"https:\/\/yguamoringa.com\/shop\/ygua-moringa-biodinamica-hojas\/\"]}]},{\"@type\":\"BreadcrumbList\",\"@id\":\"https:\/\/yguamoringa.com\/shop\/ygua-moringa-biodinamica-hojas\/#breadcrumb\",\"itemListElement\":[{\"@type\":\"ListItem\",\"position\":1,\"name\":\"Portada\",\"item\":\"https:\/\/yguamoringa.com\/en\/\"},{\"@type\":\"ListItem\",\"position\":2,\"name\":\"Tienda\",\"item\":\"https:\/\/yguamoringa.com\/tienda-online\/\"},{\"@type\":\"ListItem\",\"position\":3,\"name\":\"Ygu\u00e1 Moringa leaves\"}]},{\"@type\":\"WebSite\",\"@id\":\"https:\/\/yguamoringa.com\/en\/#website\",\"url\":\"https:\/\/yguamoringa.com\/en\/\",\"name\":\"Ygu\u00e1 Experience | Ygu\u00e1 Moringa\",\"description\":\"\",\"potentialAction\":[{\"@type\":\"SearchAction\",\"target\":{\"@type\":\"EntryPoint\",\"urlTemplate\":\"https:\/\/yguamoringa.com\/en\/?s={search_term_string}\"},\"query-input\":\"required name=search_term_string\"}],\"inLanguage\":\"en-US\"}]}<\/script>\n<!-- \/ Yoast SEO plugin. -->","yoast_head_json":{"title":"Ygu\u00e1 Moringa leaves - Ygua Moringa Oleifera. Shop online moringa","robots":{"index":"index","follow":"follow","max-snippet":"max-snippet:-1","max-image-preview":"max-image-preview:large","max-video-preview":"max-video-preview:-1"},"canonical":"https:\/\/yguamoringa.com\/shop\/ygua-moringa-biodinamica-hojas\/","og_locale":"en_US","og_type":"article","og_title":"Ygu\u00e1 Moringa leaves - Ygua Moringa Oleifera. Shop online moringa","og_description":"Ref. TOGUE33   Moringa Guaran\u00ed leaves  100% compostable 33 g packaging  Complete protein + Antioxidant + Vitamine B12  Functional whole food","og_url":"https:\/\/yguamoringa.com\/shop\/ygua-moringa-biodinamica-hojas\/","og_site_name":"Ygu\u00e1 Experience | Ygu\u00e1 Moringa","article_modified_time":"2021-03-02T22:12:06+00:00","og_image":[{"width":1100,"height":1100,"url":"https:\/\/yguamoringa.com\/wp-content\/uploads\/2021\/03\/hojas-moringa-biodinamica.jpg","type":"image\/jpeg"}],"twitter_card":"summary_large_image","twitter_misc":{"Est. reading time":"7 minutes"},"schema":{"@context":"https:\/\/schema.org","@graph":[{"@type":"WebPage","@id":"https:\/\/yguamoringa.com\/shop\/ygua-moringa-biodinamica-hojas\/","url":"https:\/\/yguamoringa.com\/shop\/ygua-moringa-biodinamica-hojas\/","name":"Ygu\u00e1 Moringa leaves - Ygua Moringa Oleifera. Shop online moringa","isPartOf":{"@id":"https:\/\/yguamoringa.com\/en\/#website"},"datePublished":"2016-05-12T15:57:36+00:00","dateModified":"2021-03-02T22:12:06+00:00","breadcrumb":{"@id":"https:\/\/yguamoringa.com\/shop\/ygua-moringa-biodinamica-hojas\/#breadcrumb"},"inLanguage":"en-US","potentialAction":[{"@type":"ReadAction","target":["https:\/\/yguamoringa.com\/shop\/ygua-moringa-biodinamica-hojas\/"]}]},{"@type":"BreadcrumbList","@id":"https:\/\/yguamoringa.com\/shop\/ygua-moringa-biodinamica-hojas\/#breadcrumb","itemListElement":[{"@type":"ListItem","position":1,"name":"Portada","item":"https:\/\/yguamoringa.com\/en\/"},{"@type":"ListItem","position":2,"name":"Tienda","item":"https:\/\/yguamoringa.com\/tienda-online\/"},{"@type":"ListItem","position":3,"name":"Ygu\u00e1 Moringa leaves"}]},{"@type":"WebSite","@id":"https:\/\/yguamoringa.com\/en\/#website","url":"https:\/\/yguamoringa.com\/en\/","name":"Ygu\u00e1 Experience | Ygu\u00e1 Moringa","description":"","potentialAction":[{"@type":"SearchAction","target":{"@type":"EntryPoint","urlTemplate":"https:\/\/yguamoringa.com\/en\/?s={search_term_string}"},"query-input":"required name=search_term_string"}],"inLanguage":"en-US"}]}},"_links":{"self":[{"href":"https:\/\/yguamoringa.com\/en\/wp-json\/wp\/v2\/product\/1215"}],"collection":[{"href":"https:\/\/yguamoringa.com\/en\/wp-json\/wp\/v2\/product"}],"about":[{"href":"https:\/\/yguamoringa.com\/en\/wp-json\/wp\/v2\/types\/product"}],"wp:featuredmedia":[{"embeddable":true,"href":"https:\/\/yguamoringa.com\/en\/wp-json\/wp\/v2\/media\/8801"}],"wp:attachment":[{"href":"https:\/\/yguamoringa.com\/en\/wp-json\/wp\/v2\/media?parent=1215"}],"wp:term":[{"taxonomy":"product_cat","embeddable":true,"href":"https:\/\/yguamoringa.com\/en\/wp-json\/wp\/v2\/product_cat?post=1215"},{"taxonomy":"product_tag","embeddable":true,"href":"https:\/\/yguamoringa.com\/en\/wp-json\/wp\/v2\/product_tag?post=1215"}],"curies":[{"name":"wp","href":"https:\/\/api.w.org\/{rel}","templated":true}]}}