{"id":1156,"date":"2016-06-20T13:25:18","date_gmt":"2016-06-20T13:25:18","guid":{"rendered":"http:\/\/www.yguamoringa.com\/?page_id=1156&#038;lang=en"},"modified":"2021-03-03T15:56:38","modified_gmt":"2021-03-03T15:56:38","slug":"shop","status":"publish","type":"page","link":"https:\/\/yguamoringa.com\/en\/shop\/","title":{"rendered":"Shop online"},"content":{"rendered":"<p><div class=\"fusion-fullwidth fullwidth-box fusion-builder-row-1 fusion-parallax-none hundred-percent-fullwidth non-hundred-percent-height-scrolling\" style=\"background-color: rgba(255,255,255,0);background-image: url(&quot;https:\/\/yguamoringa.com\/wp-content\/uploads\/2021\/03\/vaina-semillas.jpg&quot;);background-position: center center;background-repeat: no-repeat;padding-top:120px;padding-right:30px;padding-bottom:120px;padding-left:30px;margin-bottom: 0px;margin-top: 0px;border-width: 0px 0px 0px 0px;border-color:#eae9e9;border-style:solid;-webkit-background-size:cover;-moz-background-size:cover;-o-background-size:cover;background-size:cover;\" ><div class=\"fusion-builder-row fusion-row\"><div class=\"fusion-layout-column fusion_builder_column fusion-builder-column-0 fusion_builder_column_1_1 1_1 fusion-one-full fusion-column-first fusion-column-last fusion-column-no-min-height\" style=\"margin-top:0px;margin-bottom:0px;\"><div class=\"fusion-column-wrapper fusion-flex-column-wrapper-legacy\" style=\"background-position:left top;background-repeat:no-repeat;-webkit-background-size:cover;-moz-background-size:cover;-o-background-size:cover;background-size:cover;padding: 0px 0px 0px 0px;\"><style type=\"text\/css\"><\/style><div class=\"fusion-title title fusion-title-1 fusion-title-center fusion-title-text fusion-title-size-two\" style=\"margin-top:0px;margin-bottom:31px;\"><div class=\"title-sep-container title-sep-container-left\"><div class=\"title-sep sep-double\" style=\"border-color:#ffffff;\"><\/div><\/div><h2 class=\"title-heading-center\" style=\"margin:0;\"><h2 class=\"ygua-page-title\">Ygu\u00e1 Moringa Shop<\/h2><\/h2><div class=\"title-sep-container title-sep-container-right\"><div class=\"title-sep sep-double\" style=\"border-color:#ffffff;\"><\/div><\/div><\/div><div class=\"fusion-clearfix\"><\/div><\/div><\/div><\/div><style type=\"text\/css\">.fusion-fullwidth.fusion-builder-row-1 { overflow:visible; }<\/style><\/div><div class=\"fusion-fullwidth fullwidth-box fusion-builder-row-2 nonhundred-percent-fullwidth non-hundred-percent-height-scrolling fusion-equal-height-columns\" style=\"background-color: rgba(255,255,255,0);background-position: left top;background-repeat: no-repeat;padding-top:26px;padding-right:0px;padding-bottom:0px;padding-left:0px;margin-bottom: 0px;margin-top: 0px;border-width: 0px 0px 0px 0px;border-color:#eae9e9;border-style:solid;\" ><div class=\"fusion-builder-row fusion-row\"><div class=\"fusion-layout-column fusion_builder_column fusion-builder-column-1 fusion_builder_column_3_4 3_4 fusion-three-fourth fusion-column-first\" style=\"width:75%;width:calc(75% - ( ( 4% ) * 0.75 ) );margin-right: 4%;margin-top:0px;margin-bottom:20px;\"><div class=\"fusion-column-wrapper fusion-flex-column-wrapper-legacy\" style=\"background-position:left top;background-repeat:no-repeat;-webkit-background-size:cover;-moz-background-size:cover;-o-background-size:cover;background-size:cover;padding: 0px 0px 0px 0px;\"><div class=\"fusion-text fusion-text-1\" style=\"transform:translate3d(0,0,0);\"><div class=\"woocommerce columns-2 \"><\/div>\n<\/div><div class=\"fusion-sep-clear\"><\/div><div class=\"fusion-separator fusion-full-width-sep\" style=\"margin-left: auto;margin-right: auto;margin-top:8px;width:100%;\"><\/div><div class=\"fusion-sep-clear\"><\/div><div class=\"fusion-text fusion-text-2\" style=\"transform:translate3d(0,0,0);\"><div class=\"woocommerce columns-2 \"><\/div>\n<\/div><div class=\"fusion-sep-clear\"><\/div><div class=\"fusion-separator fusion-full-width-sep\" style=\"margin-left: auto;margin-right: auto;margin-top:8px;width:100%;\"><\/div><div class=\"fusion-sep-clear\"><\/div><div class=\"fusion-builder-row fusion-builder-row-inner fusion-row\"><div class=\"fusion-layout-column fusion_builder_column_inner fusion-builder-nested-column-0 fusion_builder_column_inner_1_2 1_2 fusion-one-half fusion-column-first\" style=\"width:50%;width:calc(50% - ( ( 4% ) * 0.5 ) );margin-right: 4%;margin-top:0px;margin-bottom:20px;\"><div class=\"fusion-column-wrapper fusion-flex-column-wrapper-legacy\" style=\"background-position:left top;background-repeat:no-repeat;-webkit-background-size:cover;-moz-background-size:cover;-o-background-size:cover;background-size:cover;padding: 0px 0px 0px 0px;\"><div class=\"fusion-text fusion-text-3\" style=\"transform:translate3d(0,0,0);\"><div class=\"woocommerce columns-1 \"><\/div>\n<\/div><div class=\"fusion-clearfix\"><\/div><\/div><\/div><div class=\"fusion-layout-column fusion_builder_column_inner fusion-builder-nested-column-1 fusion_builder_column_inner_1_2 1_2 fusion-one-half fusion-column-last columna_reto\" style=\"width:50%;width:calc(50% - ( ( 4% ) * 0.5 ) );margin-top:0px;margin-bottom:20px;\"><div class=\"fusion-column-wrapper fusion-flex-column-wrapper-legacy\" style=\"background-image: url(&#039;https:\/\/yguamoringa.com\/wp-content\/uploads\/2021\/03\/plato-fundido.png&#039;);background-position:center bottom;background-blend-mode: screen;background-repeat:no-repeat;-webkit-background-size:cover;-moz-background-size:cover;-o-background-size:cover;background-size:cover;padding: 0px 0px 0px 0px;\" data-bg-url=\"https:\/\/yguamoringa.com\/wp-content\/uploads\/2021\/03\/plato-fundido.png\"><div class=\"imageframe-align-center\"><span class=\" fusion-imageframe imageframe-none imageframe-1 hover-type-none\" style=\"width:100%;max-width:40%;margin-top:60px;\"><img decoding=\"async\" width=\"442\" height=\"310\" title=\"reto\" src=\"https:\/\/yguamoringa.com\/wp-content\/uploads\/2021\/03\/reto.png\" class=\"img-responsive wp-image-8797\" srcset=\"https:\/\/yguamoringa.com\/wp-content\/uploads\/2021\/03\/reto-200x140.png 200w, https:\/\/yguamoringa.com\/wp-content\/uploads\/2021\/03\/reto-400x281.png 400w, https:\/\/yguamoringa.com\/wp-content\/uploads\/2021\/03\/reto.png 442w\" sizes=\"(max-width: 800px) 100vw, 442px\" \/><\/span><\/div><div class=\"fusion-sep-clear\"><\/div><div class=\"fusion-separator fusion-full-width-sep\" style=\"margin-left: auto;margin-right: auto;margin-top:40px;margin-bottom:0px;width:100%;\"><\/div><div class=\"fusion-sep-clear\"><\/div><div class=\"fusion-text fusion-text-4\" style=\"transform:translate3d(0,0,0);\"><p style=\"color: #007770; text-align: center;\"><span style=\"font-family: Montserrat; background-color: rgba(255, 255, 255, 0); font-size: var(--body_typography-font-size); letter-spacing: var(--body_typography-letter-spacing); font-weight: 300; color: #007770;\" data-fusion-font=\"true\" data-fusion-google-font=\"Montserrat\" data-fusion-google-variant=\"100\">At your disposal the printed edition of the<\/span><\/p>\n<div style=\"text-align: center;\"><span style=\"background-color: rgba(255, 255, 255, 0); font-size: var(--body_typography-font-size); font-style: var(--body_typography-font-style,normal); letter-spacing: var(--body_typography-letter-spacing);\" data-fusion-font=\"true\" data-fusion-google-font=\"Montserrat\" data-fusion-google-variant=\"300\"><b style=\"font-family: Montserrat; color: #007770;\" data-fusion-font=\"true\" data-fusion-google-font=\"Montserrat\" data-fusion-google-variant=\"100\">III Moringa Recipe Book<\/b><\/span><\/div>\n<\/div><div class=\"fusion-clearfix\"><\/div><\/div><\/div><\/div><div class=\"fusion-sep-clear\"><\/div><div class=\"fusion-separator fusion-full-width-sep\" style=\"margin-left: auto;margin-right: auto;margin-top:20px;width:100%;\"><\/div><div class=\"fusion-sep-clear\"><\/div><div class=\"fusion-clearfix\"><\/div><\/div><\/div><div class=\"fusion-layout-column fusion_builder_column fusion-builder-column-2 fusion_builder_column_1_4 1_4 fusion-one-fourth fusion-column-last\" style=\"width:25%;width:calc(25% - ( ( 4% ) * 0.25 ) );margin-top:0px;margin-bottom:20px;\"><div class=\"fusion-column-wrapper fusion-flex-column-wrapper-legacy\" style=\"background-position:left top;background-repeat:no-repeat;-webkit-background-size:cover;-moz-background-size:cover;-o-background-size:cover;background-size:cover;padding: 0px 0px 0px 0px;\"><div class=\"fusion-widget-area fusion-widget-area-1 fusion-content-widget-area\"><style type=\"text\/css\">.fusion-widget-area-1 {padding:0px 0px 0px 0px;}.fusion-widget-area-1 .widget h4 {color:#333333;}.fusion-widget-area-1 .widget .heading h4 {color:#333333;}.fusion-widget-area-1 .widget h4 {font-size:13px;}.fusion-widget-area-1 .widget .heading h4 {font-size:13px;}<\/style><div class=\"fusion-additional-widget-content\"><\/div><\/div><div class=\"fusion-clearfix\"><\/div><\/div><\/div><\/div><\/div><div class=\"fusion-fullwidth fullwidth-box fusion-builder-row-3 hundred-percent-fullwidth non-hundred-percent-height-scrolling\" style=\"background-color: rgba(255,255,255,0);background-position: center center;background-repeat: no-repeat;padding-top:0px;padding-right:30px;padding-bottom:0px;padding-left:30px;margin-bottom: 0px;margin-top: 0px;border-width: 0px 0px 0px 0px;border-color:#eae9e9;border-style:solid;\" ><div class=\"fusion-builder-row fusion-row\"><div class=\"fusion-layout-column fusion_builder_column fusion-builder-column-3 fusion_builder_column_1_1 1_1 fusion-one-full fusion-column-first fusion-column-last fusion-column-no-min-height\" style=\"margin-top:0px;margin-bottom:0px;\"><div class=\"fusion-column-wrapper fusion-flex-column-wrapper-legacy\" style=\"background-position:left top;background-repeat:no-repeat;-webkit-background-size:cover;-moz-background-size:cover;-o-background-size:cover;background-size:cover;padding: 0px 0px 0px 0px;\"><div class=\"fusion-modal modal fade modal-1 Export\" tabindex=\"-1\" role=\"dialog\" aria-labelledby=\"modal-heading-1\" aria-hidden=\"true\"><style type=\"text\/css\">.modal-1 .modal-header, .modal-1 .modal-footer{border-color:#ebebeb;}<\/style><div class=\"modal-dialog modal-lg\"><div class=\"modal-content fusion-modal-content\" style=\"background-color:#f6f6f6\"><div class=\"modal-header\"><button class=\"close\" type=\"button\" data-dismiss=\"modal\" aria-hidden=\"true\">&times;<\/button><h3 class=\"modal-title\" id=\"modal-heading-1\" data-dismiss=\"modal\" aria-hidden=\"true\">Export Ygu\u00e1 Moringa<\/h3><\/div><div class=\"modal-body fusion-clearfix\"><div class=\"fusion-builder-row fusion-builder-row-inner fusion-row\"><div class=\"fusion-layout-column fusion_builder_column_inner fusion-builder-nested-column-2 fusion_builder_column_inner_2_3 2_3 fusion-two-third fusion-column-first\" style=\"width:65.3333%; margin-right: 4%;margin-top:0px;margin-bottom:0px;\"><div class=\"fusion-column-wrapper fusion-flex-column-wrapper-legacy\" style=\"background-position:left top;background-repeat:no-repeat;-webkit-background-size:cover;-moz-background-size:cover;-o-background-size:cover;background-size:cover;padding: 0px 0px 0px 0px;\">\n<div class=\"fusion-text fusion-text-5\" style=\"transform:translate3d(0,0,0);\"><p style=\"text-align: justify; font-size: 16px;\">Desde Asunci\u00f3n o Barcelona exportamos materia prima y producto terminado a Europa, Jap\u00f3n y USA.<br \/>\nEl producto que ofrecemos est\u00e1 certificado org\u00e1nico para los tres mercados y con el respaldo de las certificaciones internacionales GMP y HACCP.<\/p>\n<p style=\"text-align: justify; font-size: 16px;\">Para cualquier consulta o inter\u00e9s en ser un distribuidor de Moringa Guaran\u00ed, puede contactarnos a trav\u00e9s de este formulario. Estamos atentos.<\/p>\n<\/div>\n<div class=\"fusion-clearfix\"><\/div><\/div><\/div><div class=\"fusion-layout-column fusion_builder_column_inner fusion-builder-nested-column-3 fusion_builder_column_inner_1_3 1_3 fusion-one-third fusion-column-last\" style=\"width:30.6666%;margin-top:0px;margin-bottom:0px;\"><div class=\"fusion-column-wrapper fusion-flex-column-wrapper-legacy\" style=\"background-position:left top;background-repeat:no-repeat;-webkit-background-size:cover;-moz-background-size:cover;-o-background-size:cover;background-size:cover;padding: 0px 0px 0px 0px;\"><div class=\"fusion-text fusion-text-6\" style=\"transform:translate3d(0,0,0);\"><p><img decoding=\"async\" class=\"alignnone size-full wp-image-2333\" src=\"https:\/\/yguamoringa.com\/wp-content\/uploads\/2016\/06\/export-ygua-moringa.jpg\" alt=\"export-ygua-moringa\" width=\"500\" height=\"334\" srcset=\"https:\/\/yguamoringa.com\/wp-content\/uploads\/2016\/06\/export-ygua-moringa-200x134.jpg 200w, https:\/\/yguamoringa.com\/wp-content\/uploads\/2016\/06\/export-ygua-moringa-300x200.jpg 300w, https:\/\/yguamoringa.com\/wp-content\/uploads\/2016\/06\/export-ygua-moringa-400x267.jpg 400w, https:\/\/yguamoringa.com\/wp-content\/uploads\/2016\/06\/export-ygua-moringa.jpg 500w\" sizes=\"(max-width: 500px) 100vw, 500px\" \/><\/p>\n<\/div>\n<div class=\"fusion-clearfix\"><\/div><\/div><\/div><\/div><div role=\"form\" class=\"wpcf7\" id=\"wpcf7-f397-o1\" lang=\"es-ES\" dir=\"ltr\">\n<div class=\"screen-reader-response\"><p role=\"status\" aria-live=\"polite\" aria-atomic=\"true\"><\/p> <ul><\/ul><\/div>\n<form action=\"\/en\/wp-json\/wp\/v2\/pages\/1156#wpcf7-f397-o1\" method=\"post\" class=\"wpcf7-form init\" novalidate=\"novalidate\" data-status=\"init\">\n<div style=\"display: none;\">\n<input type=\"hidden\" name=\"_wpcf7\" value=\"397\" \/>\n<input type=\"hidden\" name=\"_wpcf7_version\" value=\"5.4\" \/>\n<input type=\"hidden\" name=\"_wpcf7_locale\" value=\"es_ES\" \/>\n<input type=\"hidden\" name=\"_wpcf7_unit_tag\" value=\"wpcf7-f397-o1\" \/>\n<input type=\"hidden\" name=\"_wpcf7_container_post\" value=\"0\" \/>\n<input type=\"hidden\" name=\"_wpcf7_posted_data_hash\" value=\"\" \/>\n<\/div>\n<p style=\"width:98%;margin-left: 1%;\">Motivo <span style=\"color:red;\">*<\/span><br \/>\n<span class=\"wpcf7-form-control-wrap motivo-contacto\"><select name=\"motivo-contacto\" class=\"wpcf7-form-control wpcf7-select\" aria-invalid=\"false\"><option value=\"\">---<\/option><option value=\"Solicitud de contacto\">Solicitud de contacto<\/option><option value=\"Solicitud de presupuesto\">Solicitud de presupuesto<\/option><option value=\"Solicitud de informaci\u00f3n\">Solicitud de informaci\u00f3n<\/option><option value=\"Inter\u00e9s en representaci\u00f3n y distribuci\u00f3n\">Inter\u00e9s en representaci\u00f3n y distribuci\u00f3n<\/option><\/select><\/span> <\/p>\n<p style=\"width:38%;float:left;margin-left:1%;margin-right:1%;\">Nombre completo <span style=\"color:red;\">*<\/span><br \/>\n    <span class=\"wpcf7-form-control-wrap your-name\"><input type=\"text\" name=\"your-name\" value=\"\" size=\"40\" class=\"wpcf7-form-control wpcf7-text wpcf7-validates-as-required\" aria-required=\"true\" aria-invalid=\"false\" \/><\/span> <\/p>\n<p style=\"width:38%;float:left;margin-left:1%;margin-right:1%;\">Email <span style=\"color:red;\">*<\/span><br \/>\n    <span class=\"wpcf7-form-control-wrap your-email\"><input type=\"email\" name=\"your-email\" value=\"\" size=\"40\" class=\"wpcf7-form-control wpcf7-text wpcf7-email wpcf7-validates-as-required wpcf7-validates-as-email\" aria-required=\"true\" aria-invalid=\"false\" \/><\/span> <\/p>\n<p style=\"width:38%;float:left;margin-left:1%;margin-right:1%;\">Tel\u00e9fono<br \/>\n    <span class=\"wpcf7-form-control-wrap your-phone\"><input type=\"text\" name=\"your-phone\" value=\"\" size=\"40\" class=\"wpcf7-form-control wpcf7-text\" aria-invalid=\"false\" \/><\/span> <\/p>\n<p style=\"width:18%;float:left;margin-left:1%;margin-right:1%;\">Pa\u00eds <span style=\"color:red;\">*<\/span><br \/>\n    <span class=\"wpcf7-form-control-wrap your-country\"><input type=\"text\" name=\"your-country\" value=\"\" size=\"40\" class=\"wpcf7-form-control wpcf7-text wpcf7-validates-as-required\" aria-required=\"true\" aria-invalid=\"false\" \/><\/span> <\/p>\n<p>Mensaje<br \/>\n    <span class=\"wpcf7-form-control-wrap your-message\"><textarea name=\"your-message\" cols=\"40\" rows=\"10\" class=\"wpcf7-form-control wpcf7-textarea\" aria-invalid=\"false\"><\/textarea><\/span> <\/p>\n<p style=\"text-align:center;\"><span class=\"wpcf7-form-control-wrap politica-privacidad\"><span class=\"wpcf7-form-control wpcf7-acceptance\"><span class=\"wpcf7-list-item\"><input type=\"checkbox\" name=\"politica-privacidad\" value=\"1\" aria-invalid=\"false\" \/><\/span><\/span><\/span> Acepto la <a href=\"\/aviso-legal\/\">pol\u00edtica de privacidad<\/a> <span style=\"color:red;\">*<\/span><\/p>\n<p style=\"text-align:center;\"><input type=\"submit\" value=\"Enviar formulario\" class=\"wpcf7-form-control wpcf7-submit\" \/><\/p>\n<input type='hidden' class='wpcf7-pum' value='{\"closepopup\":false,\"closedelay\":0,\"openpopup\":false,\"openpopup_id\":0}' \/><div class=\"fusion-alert alert custom alert-custom fusion-alert-center wpcf7-response-output fusion-alert-capitalize alert-dismissable\" style=\"border-width:1px;\"><button type=\"button\" class=\"close toggle-alert\" data-dismiss=\"alert\" aria-hidden=\"true\">&times;<\/button><div class=\"fusion-alert-content-wrapper\"><span class=\"fusion-alert-content\"><\/span><\/div><\/div><\/form><\/div><\/div><\/div><\/div><\/div><div class=\"fusion-sep-clear\"><\/div><div class=\"fusion-separator fusion-full-width-sep\" style=\"margin-left: auto;margin-right: auto;margin-top:-40px;width:100%;\"><\/div><div class=\"fusion-sep-clear\"><\/div><div class=\"fusion-clearfix\"><\/div><\/div><\/div><\/div><style type=\"text\/css\">.fusion-fullwidth.fusion-builder-row-3 { overflow:visible; }<\/style><\/div><div class=\"fusion-bg-parallax\" data-bg-align=\"center center\" data-direction=\"down\" data-mute=\"false\" data-opacity=\"100\" data-velocity=\"-1\" data-mobile-enabled=\"true\" data-break_parents=\"0\" data-bg-image=\"https:\/\/yguamoringa.com\/wp-content\/uploads\/2021\/03\/cosechando.jpg\" data-bg-repeat=\"false\" data-blend-mode=\"overlay\" ><\/div><div class=\"fusion-fullwidth fullwidth-box fusion-builder-row-4 fusion-parallax-down nonhundred-percent-fullwidth non-hundred-percent-height-scrolling\" style=\"background-color: rgba(255,255,255,0);background-image: url(&quot;https:\/\/yguamoringa.com\/wp-content\/uploads\/2021\/03\/cosechando.jpg&quot;);background-position: center center;background-repeat: no-repeat;background-blend-mode: overlay;padding-top:200px;padding-right:0px;padding-bottom:200px;padding-left:0px;margin-bottom: 0px;margin-top: 0px;border-width: 0px 0px 0px 0px;border-color:#eae9e9;border-style:solid;-webkit-background-size:cover;-moz-background-size:cover;-o-background-size:cover;background-size:cover;\" ><div class=\"fusion-builder-row fusion-row\"><div class=\"fusion-layout-column fusion_builder_column fusion-builder-column-4 fusion_builder_column_1_1 1_1 fusion-one-full fusion-column-first fusion-column-last fusion-column-no-min-height\" style=\"margin-top:0px;margin-bottom:0px;\"><div class=\"fusion-column-wrapper fusion-flex-column-wrapper-legacy\" style=\"background-position:left top;background-repeat:no-repeat;-webkit-background-size:cover;-moz-background-size:cover;-o-background-size:cover;background-size:cover;padding: 0px 0px 0px 0px;\"><div class=\"fusion-text fusion-text-7\" style=\"transform:translate3d(0,0,0);\"><p>\u00a0<\/p>\n<\/div><div class=\"fusion-clearfix\"><\/div><\/div><\/div><\/div><\/div><\/p>\n","protected":false},"excerpt":{"rendered":"","protected":false},"author":2,"featured_media":0,"parent":0,"menu_order":0,"comment_status":"closed","ping_status":"closed","template":"100-width.php","meta":{"kia_subtitle":""},"yoast_head":"<!-- This site is optimized with the Yoast SEO plugin v19.14 - https:\/\/yoast.com\/wordpress\/plugins\/seo\/ -->\n<title>Shop online - Ygua Moringa Oleifera. Shop online moringa<\/title>\n<meta name=\"robots\" content=\"index, follow, max-snippet:-1, max-image-preview:large, max-video-preview:-1\" \/>\n<link rel=\"canonical\" href=\"https:\/\/yguamoringa.com\/en\/shop\/\" \/>\n<meta property=\"og:locale\" content=\"en_US\" \/>\n<meta property=\"og:type\" content=\"article\" \/>\n<meta property=\"og:title\" content=\"Shop online - Ygua Moringa Oleifera. Shop online moringa\" \/>\n<meta property=\"og:url\" content=\"https:\/\/yguamoringa.com\/en\/shop\/\" \/>\n<meta property=\"og:site_name\" content=\"Ygu\u00e1 Experience | Ygu\u00e1 Moringa\" \/>\n<meta property=\"article:modified_time\" content=\"2021-03-03T15:56:38+00:00\" \/>\n<meta property=\"og:image\" content=\"https:\/\/yguamoringa.com\/wp-content\/uploads\/2016\/06\/export-ygua-moringa.jpg\" \/>\n<meta name=\"twitter:card\" content=\"summary_large_image\" \/>\n<meta name=\"twitter:label1\" content=\"Est. reading time\" \/>\n\t<meta name=\"twitter:data1\" content=\"6 minutes\" \/>\n<script type=\"application\/ld+json\" class=\"yoast-schema-graph\">{\"@context\":\"https:\/\/schema.org\",\"@graph\":[{\"@type\":\"WebPage\",\"@id\":\"https:\/\/yguamoringa.com\/en\/shop\/\",\"url\":\"https:\/\/yguamoringa.com\/en\/shop\/\",\"name\":\"Shop online - Ygua Moringa Oleifera. Shop online moringa\",\"isPartOf\":{\"@id\":\"https:\/\/yguamoringa.com\/en\/#website\"},\"datePublished\":\"2016-06-20T13:25:18+00:00\",\"dateModified\":\"2021-03-03T15:56:38+00:00\",\"breadcrumb\":{\"@id\":\"https:\/\/yguamoringa.com\/en\/shop\/#breadcrumb\"},\"inLanguage\":\"en-US\",\"potentialAction\":[{\"@type\":\"ReadAction\",\"target\":[\"https:\/\/yguamoringa.com\/en\/shop\/\"]}]},{\"@type\":\"BreadcrumbList\",\"@id\":\"https:\/\/yguamoringa.com\/en\/shop\/#breadcrumb\",\"itemListElement\":[{\"@type\":\"ListItem\",\"position\":1,\"name\":\"Portada\",\"item\":\"https:\/\/yguamoringa.com\/en\/\"},{\"@type\":\"ListItem\",\"position\":2,\"name\":\"Shop online\"}]},{\"@type\":\"WebSite\",\"@id\":\"https:\/\/yguamoringa.com\/en\/#website\",\"url\":\"https:\/\/yguamoringa.com\/en\/\",\"name\":\"Ygu\u00e1 Experience | Ygu\u00e1 Moringa\",\"description\":\"\",\"potentialAction\":[{\"@type\":\"SearchAction\",\"target\":{\"@type\":\"EntryPoint\",\"urlTemplate\":\"https:\/\/yguamoringa.com\/en\/?s={search_term_string}\"},\"query-input\":\"required name=search_term_string\"}],\"inLanguage\":\"en-US\"}]}<\/script>\n<!-- \/ Yoast SEO plugin. -->","yoast_head_json":{"title":"Shop online - Ygua Moringa Oleifera. Shop online moringa","robots":{"index":"index","follow":"follow","max-snippet":"max-snippet:-1","max-image-preview":"max-image-preview:large","max-video-preview":"max-video-preview:-1"},"canonical":"https:\/\/yguamoringa.com\/en\/shop\/","og_locale":"en_US","og_type":"article","og_title":"Shop online - Ygua Moringa Oleifera. Shop online moringa","og_url":"https:\/\/yguamoringa.com\/en\/shop\/","og_site_name":"Ygu\u00e1 Experience | Ygu\u00e1 Moringa","article_modified_time":"2021-03-03T15:56:38+00:00","og_image":[{"url":"https:\/\/yguamoringa.com\/wp-content\/uploads\/2016\/06\/export-ygua-moringa.jpg"}],"twitter_card":"summary_large_image","twitter_misc":{"Est. reading time":"6 minutes"},"schema":{"@context":"https:\/\/schema.org","@graph":[{"@type":"WebPage","@id":"https:\/\/yguamoringa.com\/en\/shop\/","url":"https:\/\/yguamoringa.com\/en\/shop\/","name":"Shop online - Ygua Moringa Oleifera. Shop online moringa","isPartOf":{"@id":"https:\/\/yguamoringa.com\/en\/#website"},"datePublished":"2016-06-20T13:25:18+00:00","dateModified":"2021-03-03T15:56:38+00:00","breadcrumb":{"@id":"https:\/\/yguamoringa.com\/en\/shop\/#breadcrumb"},"inLanguage":"en-US","potentialAction":[{"@type":"ReadAction","target":["https:\/\/yguamoringa.com\/en\/shop\/"]}]},{"@type":"BreadcrumbList","@id":"https:\/\/yguamoringa.com\/en\/shop\/#breadcrumb","itemListElement":[{"@type":"ListItem","position":1,"name":"Portada","item":"https:\/\/yguamoringa.com\/en\/"},{"@type":"ListItem","position":2,"name":"Shop online"}]},{"@type":"WebSite","@id":"https:\/\/yguamoringa.com\/en\/#website","url":"https:\/\/yguamoringa.com\/en\/","name":"Ygu\u00e1 Experience | Ygu\u00e1 Moringa","description":"","potentialAction":[{"@type":"SearchAction","target":{"@type":"EntryPoint","urlTemplate":"https:\/\/yguamoringa.com\/en\/?s={search_term_string}"},"query-input":"required name=search_term_string"}],"inLanguage":"en-US"}]}},"_links":{"self":[{"href":"https:\/\/yguamoringa.com\/en\/wp-json\/wp\/v2\/pages\/1156"}],"collection":[{"href":"https:\/\/yguamoringa.com\/en\/wp-json\/wp\/v2\/pages"}],"about":[{"href":"https:\/\/yguamoringa.com\/en\/wp-json\/wp\/v2\/types\/page"}],"author":[{"embeddable":true,"href":"https:\/\/yguamoringa.com\/en\/wp-json\/wp\/v2\/users\/2"}],"replies":[{"embeddable":true,"href":"https:\/\/yguamoringa.com\/en\/wp-json\/wp\/v2\/comments?post=1156"}],"version-history":[{"count":11,"href":"https:\/\/yguamoringa.com\/en\/wp-json\/wp\/v2\/pages\/1156\/revisions"}],"predecessor-version":[{"id":8865,"href":"https:\/\/yguamoringa.com\/en\/wp-json\/wp\/v2\/pages\/1156\/revisions\/8865"}],"wp:attachment":[{"href":"https:\/\/yguamoringa.com\/en\/wp-json\/wp\/v2\/media?parent=1156"}],"curies":[{"name":"wp","href":"https:\/\/api.w.org\/{rel}","templated":true}]}}