{"id":1092,"date":"2016-05-11T13:56:32","date_gmt":"2016-05-11T13:56:32","guid":{"rendered":"http:\/\/www.yguamoringa.com\/pagina-ejemplo\/?lang=en"},"modified":"2018-11-05T17:55:29","modified_gmt":"2018-11-05T17:55:29","slug":"ygua-biodynamic-moringa","status":"publish","type":"page","link":"https:\/\/yguamoringa.com\/en\/","title":{"rendered":"Portada"},"content":{"rendered":"<p><div class=\"fusion-fullwidth fullwidth-box fusion-builder-row-1 video-background nonhundred-percent-fullwidth non-hundred-percent-height-scrolling\" style=\"background-color: rgba(0,0,0,0.5);background-position: left top;background-repeat: no-repeat;padding-top:340px;padding-right:0px;padding-bottom:340px;padding-left:0px;margin-bottom: 0px;margin-top: 0px;border-width: 0px 0px 0px 0px;border-color:#eae9e9;border-style:solid;\" ><div id=\"video-1\" class=\"fusion-background-video-wrapper\" data-vimeo-video-id=\"168760247\" data-mute=\"yes\" data-video-aspect-ratio=\"16:9\" style=\"opacity:0;\"><iframe id=\"video-iframe-1\" class=\"fusion-container-video-bg\" src=\"\/\/player.vimeo.com\/video\/168760247?html5=1&autopause=0&autoplay=1&badge=0&byline=0&autopause=0&loop=1&title=0&muted=1\" frameborder=\"0\"><\/iframe><\/div><div class=\"fullwidth-overlay\" style=\"background-color:rgba(0,0,0,0.5);\"><\/div><div class=\"fusion-builder-row fusion-row\"><div class=\"fusion-layout-column fusion_builder_column fusion-builder-column-0 fusion_builder_column_1_1 1_1 fusion-one-full fusion-column-first fusion-column-last fusion-column-no-min-height\" style=\"margin-top:0px;margin-bottom:0px;\"><div class=\"fusion-column-wrapper fusion-flex-column-wrapper-legacy\" style=\"background-position:left top;background-repeat:no-repeat;-webkit-background-size:cover;-moz-background-size:cover;-o-background-size:cover;background-size:cover;padding: 0px 0px 0px 0px;\"><div class=\"fusion-text fusion-text-1\" style=\"transform:translate3d(0,0,0);\"><h2 class=\"ygua-page-title\">Biodynamic Moringa<\/h2>\n<h3 style=\"color: #fff !important;\">by conviction<\/h3>\n<\/div><div class=\"fusion-clearfix\"><\/div><\/div><\/div><\/div><\/div><div class=\"fusion-fullwidth fullwidth-box fusion-builder-row-2 nonhundred-percent-fullwidth non-hundred-percent-height-scrolling\" style=\"background-color: rgba(255,255,255,0);background-position: left top;background-repeat: no-repeat;padding-top:60px;padding-right:0px;padding-bottom:40px;padding-left:0px;margin-bottom: 0px;margin-top: 0px;border-width: 0px 0px 0px 0px;border-color:#eae9e9;border-style:solid;\" ><div class=\"fusion-builder-row fusion-row\"><div class=\"fusion-layout-column fusion_builder_column fusion-builder-column-1 fusion_builder_column_2_3 2_3 fusion-two-third fusion-column-first\" style=\"width:65.3333%; margin-right: 4%;margin-top:0px;margin-bottom:20px;\"><div class=\"fusion-column-wrapper fusion-flex-column-wrapper-legacy\" style=\"background-position:left top;background-repeat:no-repeat;-webkit-background-size:cover;-moz-background-size:cover;-o-background-size:cover;background-size:cover;padding: 0px 0px 0px 0px;\"><div class=\"fusion-text fusion-text-2\" style=\"transform:translate3d(0,0,0);\"><h2 style=\"font-weight: 400 !important;\">We Are Moringueros<\/h2>\n<h3>Admiration for Moringa tree<\/h3>\n<p style=\"text-align: justify;\">Since 2010 we have been cultivating Moringa oleifera trees on the land of the Guarani in Paraguay.<\/p>\n<p style=\"text-align: justify;\">Here there is a humid tropical continental climate, full of contrasts and brightness. The regular rains create an environment rich in water, which gives the tree the necessary resistance to withstand the intense heat of the sun\u00b4s rays.<\/p>\n<p style=\"text-align: justify;\">We are Moringueros because we feel good when we enable the tree to grow. Its benefits reach many people, ease malnutrition and favour an optimal diet. We are committed to knowing more about it and thus we contribute to promoting it.<\/p>\n<p style=\"text-align: justify;\">The Guaran\u00ed peoples, exceptionally knowledgeable about the plant world, have shown us how to grow the tree respecting Nature and its order.<\/p>\n<\/div><div class=\"fusion-clearfix\"><\/div><\/div><\/div><div class=\"fusion-layout-column fusion_builder_column fusion-builder-column-2 fusion_builder_column_1_3 1_3 fusion-one-third fusion-column-last\" style=\"width:30.6666%;margin-top:0px;margin-bottom:20px;\"><div class=\"fusion-column-wrapper fusion-flex-column-wrapper-legacy\" style=\"background-position:left top;background-repeat:no-repeat;-webkit-background-size:cover;-moz-background-size:cover;-o-background-size:cover;background-size:cover;padding: 0px 0px 0px 0px;\"><div class=\"fusion-text fusion-text-3\" style=\"transform:translate3d(0,0,0);\"><p><a href=\"\/en\/shop\/\"><img decoding=\"async\" style=\"margin-top: 20px;\" src=\"https:\/\/yguamoringa.com\/wp-content\/uploads\/2016\/10\/tienda-moringa-guarani-ygua-english-2.jpg\" alt=\"\" \/><\/a><\/p>\n<\/div><div class=\"fusion-clearfix\"><\/div><\/div><\/div><\/div><\/div><div class=\"fusion-bg-parallax\" data-bg-align=\"center center\" data-direction=\"down\" data-mute=\"false\" data-opacity=\"100\" data-velocity=\"-1\" data-mobile-enabled=\"true\" data-break_parents=\"0\" data-bg-image=\"https:\/\/yguamoringa.com\/wp-content\/uploads\/2016\/06\/propiedades-moringa-2.jpg\" data-bg-repeat=\"false\" data-bg-color=\"rgba(0,0,0,0.7)\" data-blend-mode=\"overlay\" ><\/div><div class=\"fusion-fullwidth fullwidth-box fusion-builder-row-3 fusion-parallax-down nonhundred-percent-fullwidth non-hundred-percent-height-scrolling\" style=\"background-color: rgba(0,0,0,0.7);background-image: url(&quot;https:\/\/yguamoringa.com\/wp-content\/uploads\/2016\/06\/propiedades-moringa-2.jpg&quot;);background-position: center center;background-repeat: no-repeat;background-blend-mode: overlay;padding-top:360px;padding-right:0px;padding-bottom:360px;padding-left:0px;margin-bottom: 0px;margin-top: 0px;border-width: 0px 0px 0px 0px;border-color:#eae9e9;border-style:solid;-webkit-background-size:cover;-moz-background-size:cover;-o-background-size:cover;background-size:cover;\" ><div class=\"fusion-builder-row fusion-row\"><\/div><\/div><div class=\"fusion-fullwidth fullwidth-box fusion-builder-row-4 nonhundred-percent-fullwidth non-hundred-percent-height-scrolling\" style=\"background-color: rgba(255,255,255,0);background-position: left top;background-repeat: no-repeat;padding-top:60px;padding-right:0px;padding-bottom:40px;padding-left:0px;margin-bottom: 0px;margin-top: 0px;border-width: 0px 0px 0px 0px;border-color:#eae9e9;border-style:solid;\" ><div class=\"fusion-builder-row fusion-row\"><div class=\"fusion-layout-column fusion_builder_column fusion-builder-column-3 fusion_builder_column_1_1 1_1 fusion-one-full fusion-column-first fusion-column-last fusion-column-no-min-height\" style=\"margin-top:0px;margin-bottom:0px;\"><div class=\"fusion-column-wrapper fusion-flex-column-wrapper-legacy\" style=\"background-position:left top;background-repeat:no-repeat;-webkit-background-size:cover;-moz-background-size:cover;-o-background-size:cover;background-size:cover;padding: 0px 0px 0px 0px;\"><div class=\"fusion-text fusion-text-4\" style=\"transform:translate3d(0,0,0);\"><h2 style=\"font-weight: 400 !important;\">Piribebuy, place of the gentle breeze<\/h2>\n<h3>Before and now<\/h3>\n<p>&nbsp;<\/p>\n<p style=\"text-align: justify;\">In the Guaran\u00ed language \u201cPiribebuy\u201d means \u201cplace of the gentle breeze\u201d. Formerly the transit route on the Royal Road for yerba mate, the land of Piribebuy is surrounded by hills and streams where one can take shelter from the heat.<\/p>\n<p style=\"text-align: justify;\">Nowadays it is known as a historic town and craft centre.<\/p>\n<p style=\"text-align: justify;\">Its population lives among pastures, sugar and Moringa plantations. Situated downstream from the river Yhaguy between the coordinates latitude 25.5 and longitude 56.9, we find the Pirareta Colony, a place closely connected to its profoundly rural surroundings, a fact reflected in its people\u00b4s life style and customs. They keep to the teachings of their ancestors and are faithful guardians of their traditions.<\/p>\n<p style=\"text-align: justify;\">Here grows the Moringa Ygu\u00e1 tree, strong and vital, adapted to this climate where the tree manifests its power, taking in light and food from the painstakingly- worked soil.<\/p>\n<\/div><div class=\"fusion-clearfix\"><\/div><\/div><\/div><\/div><\/div><div class=\"fusion-bg-parallax\" data-bg-align=\"center center\" data-direction=\"down\" data-mute=\"false\" data-opacity=\"100\" data-velocity=\"-1\" data-mobile-enabled=\"true\" data-break_parents=\"0\" data-bg-image=\"https:\/\/yguamoringa.com\/wp-content\/uploads\/2016\/06\/moringa-3.jpg\" data-bg-repeat=\"false\" data-bg-color=\"rgba(0,0,0,0.7)\" data-blend-mode=\"overlay\" ><\/div><div class=\"fusion-fullwidth fullwidth-box fusion-builder-row-5 fusion-parallax-down nonhundred-percent-fullwidth non-hundred-percent-height-scrolling\" style=\"background-color: rgba(0,0,0,0.7);background-image: url(&quot;https:\/\/yguamoringa.com\/wp-content\/uploads\/2016\/06\/moringa-3.jpg&quot;);background-position: center center;background-repeat: no-repeat;background-blend-mode: overlay;padding-top:360px;padding-right:0px;padding-bottom:360px;padding-left:0px;margin-bottom: 0px;margin-top: 0px;border-width: 0px 0px 0px 0px;border-color:#eae9e9;border-style:solid;-webkit-background-size:cover;-moz-background-size:cover;-o-background-size:cover;background-size:cover;\" ><div class=\"fusion-builder-row fusion-row\"><\/div><\/div><div class=\"fusion-fullwidth fullwidth-box fusion-builder-row-6 nonhundred-percent-fullwidth non-hundred-percent-height-scrolling\" style=\"background-color: rgba(255,255,255,0);background-position: left top;background-repeat: no-repeat;padding-top:60px;padding-right:0px;padding-bottom:40px;padding-left:0px;margin-bottom: 0px;margin-top: 0px;border-width: 0px 0px 0px 0px;border-color:#eae9e9;border-style:solid;\" ><div class=\"fusion-builder-row fusion-row\"><div class=\"fusion-layout-column fusion_builder_column fusion-builder-column-4 fusion_builder_column_1_1 1_1 fusion-one-full fusion-column-first fusion-column-last fusion-column-no-min-height\" style=\"margin-top:0px;margin-bottom:0px;\"><div class=\"fusion-column-wrapper fusion-flex-column-wrapper-legacy\" style=\"background-position:left top;background-repeat:no-repeat;-webkit-background-size:cover;-moz-background-size:cover;-o-background-size:cover;background-size:cover;padding: 0px 0px 0px 0px;\"><div class=\"fusion-text fusion-text-5\" style=\"transform:translate3d(0,0,0);\"><h2 style=\"font-weight: 400 !important;\">Our agro-organic commitment<\/h2>\n<h3>From consciousness and heart<\/h3>\n<p>&nbsp;<\/p>\n<p style=\"text-align: justify;\">Respecting and following Nature\u00b4s seasons, we have developed our own local seeds, suited to the climate of the place.<\/p>\n<p style=\"text-align: justify;\">The Moringa Ygu\u00e1 tree knows itself to be part of the place and the people who care for it. Observing it daily tells us how it feels, what is good for it, what it wants and also what disturbs it.<\/p>\n<p style=\"text-align: justify;\">We use companion planting among the trees, which permits us to know beforehand the state of the soil. We fertilise with our own compost prepared on the spot with rich organic material, residue from the Moringa.<\/p>\n<p style=\"text-align: justify;\">Micro-production allows us to create a close energy cycle among the trees, the beings around them and the carers. Thus the natural harmony flows continually facilitating biodiversity and balance on the Plantation.<\/p>\n<p style=\"text-align: justify;\">To be certified as organic farmers is the endorsement for this work and a way of understanding the cultivation of the soil.<\/p>\n<\/div><div class=\"fusion-clearfix\"><\/div><\/div><\/div><\/div><\/div><div class=\"fusion-fullwidth fullwidth-box fusion-builder-row-7 fusion-parallax-none nonhundred-percent-fullwidth non-hundred-percent-height-scrolling\" style=\"background-color: rgba(0,0,0,0.7);background-image: url(&quot;https:\/\/yguamoringa.com\/wp-content\/uploads\/2016\/09\/comprar-moringa-4.jpg&quot;);background-position: center center;background-repeat: no-repeat;background-blend-mode: overlay;padding-top:360px;padding-right:0px;padding-bottom:360px;padding-left:0px;margin-bottom: 0px;margin-top: 0px;border-width: 0px 0px 0px 0px;border-color:#eae9e9;border-style:solid;-webkit-background-size:cover;-moz-background-size:cover;-o-background-size:cover;background-size:cover;\" ><div class=\"fusion-builder-row fusion-row\"><\/div><\/div><br \/>\n<div class=\"fusion-fullwidth fullwidth-box fusion-builder-row-8 nonhundred-percent-fullwidth non-hundred-percent-height-scrolling\" style=\"background-color: rgba(255,255,255,0);background-position: left top;background-repeat: no-repeat;padding-top:60px;padding-right:0px;padding-bottom:40px;padding-left:0px;margin-bottom: 0px;margin-top: 0px;border-width: 0px 0px 0px 0px;border-color:#eae9e9;border-style:solid;\" ><div class=\"fusion-builder-row fusion-row\"><div class=\"fusion-layout-column fusion_builder_column fusion-builder-column-5 fusion_builder_column_1_1 1_1 fusion-one-full fusion-column-first fusion-column-last fusion-column-no-min-height\" style=\"margin-top:0px;margin-bottom:0px;\"><div class=\"fusion-column-wrapper fusion-flex-column-wrapper-legacy\" style=\"background-position:left top;background-repeat:no-repeat;-webkit-background-size:cover;-moz-background-size:cover;-o-background-size:cover;background-size:cover;padding: 0px 0px 0px 0px;\"><div class=\"fusion-recent-posts fusion-recent-posts-1 avada-container layout-default layout-columns-4\"><section class=\"fusion-columns columns fusion-columns-4 columns-4\"><article class=\"post fusion-column column col col-lg-3 col-md-3 col-sm-3\"><div class=\"fusion-flexslider fusion-flexslider-loading flexslider flexslider-hover-type-none\"><ul class=\"slides\"><li><a href=\"https:\/\/yguamoringa.com\/en\/terms-and-conditions-vi-edition\/\" aria-label=\"TERMS AND CONDITIONS VI Edition\" class=\"hover-type-none\"><img width=\"700\" height=\"441\" src=\"https:\/\/yguamoringa.com\/wp-content\/uploads\/2020\/04\/2020-retomoringa-700x441.jpg\" class=\"attachment-recent-posts size-recent-posts\" alt=\"Reto Moringa 2020\" decoding=\"async\" srcset=\"https:\/\/yguamoringa.com\/wp-content\/uploads\/2020\/04\/2020-retomoringa-320x202.jpg 320w, https:\/\/yguamoringa.com\/wp-content\/uploads\/2020\/04\/2020-retomoringa-700x441.jpg 700w\" sizes=\"(max-width: 700px) 100vw, 700px\" \/><\/a><\/li><\/ul><\/div><div class=\"recent-posts-content\"><span class=\"vcard\" style=\"display: none;\"><span class=\"fn\"><a href=\"https:\/\/yguamoringa.com\/en\/author\/ygua\/\" title=\"Posts by Ygua Moringa\" rel=\"author\">Ygua Moringa<\/a><\/span><\/span><span class=\"updated\" style=\"display:none;\">2020-10-14T19:01:24+00:00<\/span><h4 class=\"entry-title\"><a href=\"https:\/\/yguamoringa.com\/en\/terms-and-conditions-vi-edition\/\">TERMS AND CONDITIONS VI Edition<\/a><\/h4><p>TERMS AND CONDITIONS VI Edition Ingredients make the recipe Dates:\u00a0\u00a05th\u00a0May\u00a02020 to\u00a030th November Open\u00a0to people of all ages and countries. The [...]<\/p><\/div><\/article><article class=\"post fusion-column column col col-lg-3 col-md-3 col-sm-3\"><div class=\"fusion-flexslider fusion-flexslider-loading flexslider flexslider-hover-type-none\"><ul class=\"slides\"><li><a href=\"https:\/\/yguamoringa.com\/en\/winners-of-the-retomoringa-editions\/\" aria-label=\"Winners of the #RetoMoringa editions\" class=\"hover-type-none\"><img width=\"700\" height=\"441\" src=\"https:\/\/yguamoringa.com\/wp-content\/uploads\/2020\/05\/Ganadora-Reto-Moringa-2017-Montse-Maria-MarteJPG-700x441.jpg\" class=\"attachment-recent-posts size-recent-posts\" alt=\"\" decoding=\"async\" srcset=\"https:\/\/yguamoringa.com\/wp-content\/uploads\/2020\/05\/Ganadora-Reto-Moringa-2017-Montse-Maria-MarteJPG-320x202.jpg 320w, https:\/\/yguamoringa.com\/wp-content\/uploads\/2020\/05\/Ganadora-Reto-Moringa-2017-Montse-Maria-MarteJPG-700x441.jpg 700w\" sizes=\"(max-width: 700px) 100vw, 700px\" \/><\/a><\/li><\/ul><\/div><div class=\"recent-posts-content\"><span class=\"vcard\" style=\"display: none;\"><span class=\"fn\"><a href=\"https:\/\/yguamoringa.com\/en\/author\/ygua\/\" title=\"Posts by Ygua Moringa\" rel=\"author\">Ygua Moringa<\/a><\/span><\/span><span class=\"updated\" style=\"display:none;\">2020-05-08T12:24:20+00:00<\/span><h4 class=\"entry-title\"><a href=\"https:\/\/yguamoringa.com\/en\/winners-of-the-retomoringa-editions\/\">Winners of the #RetoMoringa editions<\/a><\/h4><p>Winners of the #RetoMoringa editions In the image above, Montse Toledo, winner of The Third Edition of the Reto Moringa [...]<\/p><\/div><\/article><article class=\"post fusion-column column col col-lg-3 col-md-3 col-sm-3\"><div class=\"fusion-flexslider fusion-flexslider-loading flexslider flexslider-hover-type-none\"><ul class=\"slides\"><li><a href=\"https:\/\/yguamoringa.com\/en\/spring-fatigue-avoid-it-naturally\/\" aria-label=\"Spring Fatigue \u2013 avoid it naturally\" class=\"hover-type-none\"><img width=\"700\" height=\"441\" src=\"https:\/\/yguamoringa.com\/wp-content\/uploads\/2019\/03\/Flor-y-Hoja-Dialogos1-700x441.jpg\" class=\"attachment-recent-posts size-recent-posts\" alt=\"En la imagen superior, Flor y Hoja, di\u00e1logos de primavera. \u00bfQu\u00e9 escondes flor? \u00bfQu\u00e9 buscas Hoja?\" decoding=\"async\" srcset=\"https:\/\/yguamoringa.com\/wp-content\/uploads\/2019\/03\/Flor-y-Hoja-Dialogos1-320x202.jpg 320w, https:\/\/yguamoringa.com\/wp-content\/uploads\/2019\/03\/Flor-y-Hoja-Dialogos1-700x441.jpg 700w\" sizes=\"(max-width: 700px) 100vw, 700px\" \/><\/a><\/li><\/ul><\/div><div class=\"recent-posts-content\"><span class=\"vcard\" style=\"display: none;\"><span class=\"fn\"><a href=\"https:\/\/yguamoringa.com\/en\/author\/ygua\/\" title=\"Posts by Ygua Moringa\" rel=\"author\">Ygua Moringa<\/a><\/span><\/span><span class=\"updated\" style=\"display:none;\">2020-05-08T11:47:01+00:00<\/span><h4 class=\"entry-title\"><a href=\"https:\/\/yguamoringa.com\/en\/spring-fatigue-avoid-it-naturally\/\">Spring Fatigue \u2013 avoid it  naturally<\/a><\/h4><p>Spring Fatigue \u2013 avoid it naturally Spring arrives and the blue sky is part of the pattern of warmer temperatures [...]<\/p><\/div><\/article><article class=\"post fusion-column column col col-lg-3 col-md-3 col-sm-3\"><div class=\"fusion-flexslider fusion-flexslider-loading flexslider flexslider-hover-type-none\"><ul class=\"slides\"><li><a href=\"https:\/\/yguamoringa.com\/en\/cod-with-moringa-three-textures\/\" aria-label=\"Cod with Moringa: three textures\" class=\"hover-type-none\"><img width=\"700\" height=\"441\" src=\"https:\/\/yguamoringa.com\/wp-content\/uploads\/2018\/10\/181023-Imagenes-con-logo-V05-1-700x441.jpg\" class=\"attachment-recent-posts size-recent-posts\" alt=\"\" decoding=\"async\" srcset=\"https:\/\/yguamoringa.com\/wp-content\/uploads\/2018\/10\/181023-Imagenes-con-logo-V05-1-320x202.jpg 320w, https:\/\/yguamoringa.com\/wp-content\/uploads\/2018\/10\/181023-Imagenes-con-logo-V05-1-700x441.jpg 700w\" sizes=\"(max-width: 700px) 100vw, 700px\" \/><\/a><\/li><\/ul><\/div><div class=\"recent-posts-content\"><span class=\"vcard\" style=\"display: none;\"><span class=\"fn\"><a href=\"https:\/\/yguamoringa.com\/en\/author\/ygua\/\" title=\"Posts by Ygua Moringa\" rel=\"author\">Ygua Moringa<\/a><\/span><\/span><span class=\"updated\" style=\"display:none;\">2020-05-08T11:58:16+00:00<\/span><h4 class=\"entry-title\"><a href=\"https:\/\/yguamoringa.com\/en\/cod-with-moringa-three-textures\/\">Cod with Moringa: three textures<\/a><\/h4><p>Cod with Moringa: three textures \u00a0 To prepare this recipe, included in the\u00a0II Moringa Recipe Book, these steps shall be [...]<\/p><\/div><\/article><\/section><\/div><div class=\"fusion-clearfix\"><\/div><\/div><\/div><\/div><\/div><\/p>\n","protected":false},"excerpt":{"rendered":"","protected":false},"author":2,"featured_media":0,"parent":0,"menu_order":0,"comment_status":"closed","ping_status":"closed","template":"100-width.php","meta":{"kia_subtitle":""},"yoast_head":"<!-- This site is optimized with the Yoast SEO plugin v19.14 - https:\/\/yoast.com\/wordpress\/plugins\/seo\/ -->\n<title>Ygu\u00e1 Biodynamic Moringa<\/title>\n<meta name=\"description\" content=\"Ygu\u00e1 Biodynamic Moringa is grown in Pirareta, Piribebuy, Paraguay. This Guaran\u00ed food offers a daily Natural Contribution in nutrients and antioxidants.\" \/>\n<meta name=\"robots\" content=\"index, follow, max-snippet:-1, max-image-preview:large, max-video-preview:-1\" \/>\n<link rel=\"canonical\" href=\"https:\/\/yguamoringa.com\/en\/\" \/>\n<meta property=\"og:locale\" content=\"en_US\" \/>\n<meta property=\"og:type\" content=\"article\" \/>\n<meta property=\"og:title\" content=\"Ygu\u00e1 Biodynamic Moringa\" \/>\n<meta property=\"og:description\" content=\"Ygu\u00e1 Biodynamic Moringa is grown in Pirareta, Piribebuy, Paraguay. This Guaran\u00ed food offers a daily Natural Contribution in nutrients and antioxidants.\" \/>\n<meta property=\"og:url\" content=\"https:\/\/yguamoringa.com\/en\/\" \/>\n<meta property=\"og:site_name\" content=\"Ygu\u00e1 Experience | Ygu\u00e1 Moringa\" \/>\n<meta property=\"article:modified_time\" content=\"2018-11-05T17:55:29+00:00\" \/>\n<meta property=\"og:image\" content=\"https:\/\/yguamoringa.com\/wp-content\/uploads\/2016\/10\/tienda-moringa-guarani-ygua-english-2.jpg\" \/>\n<meta name=\"twitter:card\" content=\"summary_large_image\" \/>\n<meta name=\"twitter:label1\" content=\"Est. reading time\" \/>\n\t<meta name=\"twitter:data1\" content=\"8 minutes\" \/>\n<script type=\"application\/ld+json\" class=\"yoast-schema-graph\">{\"@context\":\"https:\/\/schema.org\",\"@graph\":[{\"@type\":\"WebPage\",\"@id\":\"https:\/\/yguamoringa.com\/en\/\",\"url\":\"https:\/\/yguamoringa.com\/en\/\",\"name\":\"Ygu\u00e1 Biodynamic Moringa\",\"isPartOf\":{\"@id\":\"https:\/\/yguamoringa.com\/en\/#website\"},\"datePublished\":\"2016-05-11T13:56:32+00:00\",\"dateModified\":\"2018-11-05T17:55:29+00:00\",\"description\":\"Ygu\u00e1 Biodynamic Moringa is grown in Pirareta, Piribebuy, Paraguay. This Guaran\u00ed food offers a daily Natural Contribution in nutrients and antioxidants.\",\"breadcrumb\":{\"@id\":\"https:\/\/yguamoringa.com\/en\/#breadcrumb\"},\"inLanguage\":\"en-US\",\"potentialAction\":[{\"@type\":\"ReadAction\",\"target\":[\"https:\/\/yguamoringa.com\/en\/\"]}]},{\"@type\":\"BreadcrumbList\",\"@id\":\"https:\/\/yguamoringa.com\/en\/#breadcrumb\",\"itemListElement\":[{\"@type\":\"ListItem\",\"position\":1,\"name\":\"Portada\",\"item\":\"https:\/\/yguamoringa.com\/en\/\"},{\"@type\":\"ListItem\",\"position\":2,\"name\":\"Portada\"}]},{\"@type\":\"WebSite\",\"@id\":\"https:\/\/yguamoringa.com\/en\/#website\",\"url\":\"https:\/\/yguamoringa.com\/en\/\",\"name\":\"Ygu\u00e1 Experience | Ygu\u00e1 Moringa\",\"description\":\"\",\"potentialAction\":[{\"@type\":\"SearchAction\",\"target\":{\"@type\":\"EntryPoint\",\"urlTemplate\":\"https:\/\/yguamoringa.com\/en\/?s={search_term_string}\"},\"query-input\":\"required name=search_term_string\"}],\"inLanguage\":\"en-US\"}]}<\/script>\n<!-- \/ Yoast SEO plugin. -->","yoast_head_json":{"title":"Ygu\u00e1 Biodynamic Moringa","description":"Ygu\u00e1 Biodynamic Moringa is grown in Pirareta, Piribebuy, Paraguay. This Guaran\u00ed food offers a daily Natural Contribution in nutrients and antioxidants.","robots":{"index":"index","follow":"follow","max-snippet":"max-snippet:-1","max-image-preview":"max-image-preview:large","max-video-preview":"max-video-preview:-1"},"canonical":"https:\/\/yguamoringa.com\/en\/","og_locale":"en_US","og_type":"article","og_title":"Ygu\u00e1 Biodynamic Moringa","og_description":"Ygu\u00e1 Biodynamic Moringa is grown in Pirareta, Piribebuy, Paraguay. This Guaran\u00ed food offers a daily Natural Contribution in nutrients and antioxidants.","og_url":"https:\/\/yguamoringa.com\/en\/","og_site_name":"Ygu\u00e1 Experience | Ygu\u00e1 Moringa","article_modified_time":"2018-11-05T17:55:29+00:00","og_image":[{"url":"https:\/\/yguamoringa.com\/wp-content\/uploads\/2016\/10\/tienda-moringa-guarani-ygua-english-2.jpg"}],"twitter_card":"summary_large_image","twitter_misc":{"Est. reading time":"8 minutes"},"schema":{"@context":"https:\/\/schema.org","@graph":[{"@type":"WebPage","@id":"https:\/\/yguamoringa.com\/en\/","url":"https:\/\/yguamoringa.com\/en\/","name":"Ygu\u00e1 Biodynamic Moringa","isPartOf":{"@id":"https:\/\/yguamoringa.com\/en\/#website"},"datePublished":"2016-05-11T13:56:32+00:00","dateModified":"2018-11-05T17:55:29+00:00","description":"Ygu\u00e1 Biodynamic Moringa is grown in Pirareta, Piribebuy, Paraguay. This Guaran\u00ed food offers a daily Natural Contribution in nutrients and antioxidants.","breadcrumb":{"@id":"https:\/\/yguamoringa.com\/en\/#breadcrumb"},"inLanguage":"en-US","potentialAction":[{"@type":"ReadAction","target":["https:\/\/yguamoringa.com\/en\/"]}]},{"@type":"BreadcrumbList","@id":"https:\/\/yguamoringa.com\/en\/#breadcrumb","itemListElement":[{"@type":"ListItem","position":1,"name":"Portada","item":"https:\/\/yguamoringa.com\/en\/"},{"@type":"ListItem","position":2,"name":"Portada"}]},{"@type":"WebSite","@id":"https:\/\/yguamoringa.com\/en\/#website","url":"https:\/\/yguamoringa.com\/en\/","name":"Ygu\u00e1 Experience | Ygu\u00e1 Moringa","description":"","potentialAction":[{"@type":"SearchAction","target":{"@type":"EntryPoint","urlTemplate":"https:\/\/yguamoringa.com\/en\/?s={search_term_string}"},"query-input":"required name=search_term_string"}],"inLanguage":"en-US"}]}},"_links":{"self":[{"href":"https:\/\/yguamoringa.com\/en\/wp-json\/wp\/v2\/pages\/1092"}],"collection":[{"href":"https:\/\/yguamoringa.com\/en\/wp-json\/wp\/v2\/pages"}],"about":[{"href":"https:\/\/yguamoringa.com\/en\/wp-json\/wp\/v2\/types\/page"}],"author":[{"embeddable":true,"href":"https:\/\/yguamoringa.com\/en\/wp-json\/wp\/v2\/users\/2"}],"replies":[{"embeddable":true,"href":"https:\/\/yguamoringa.com\/en\/wp-json\/wp\/v2\/comments?post=1092"}],"version-history":[{"count":10,"href":"https:\/\/yguamoringa.com\/en\/wp-json\/wp\/v2\/pages\/1092\/revisions"}],"predecessor-version":[{"id":5812,"href":"https:\/\/yguamoringa.com\/en\/wp-json\/wp\/v2\/pages\/1092\/revisions\/5812"}],"wp:attachment":[{"href":"https:\/\/yguamoringa.com\/en\/wp-json\/wp\/v2\/media?parent=1092"}],"curies":[{"name":"wp","href":"https:\/\/api.w.org\/{rel}","templated":true}]}}